{"id":119083,"date":"2022-11-22T15:44:53","date_gmt":"2022-11-22T14:44:53","guid":{"rendered":"https:\/\/www.schloss-rheinfels.de\/exemple-de-page\/"},"modified":"2025-02-19T14:31:36","modified_gmt":"2025-02-19T13:31:36","slug":"exemple-de-page","status":"publish","type":"page","link":"https:\/\/www.schloss-rheinfels.de\/fr\/exemple-de-page\/","title":{"rendered":"Exemple de page"},"content":{"rendered":"\n<p>Il s&rsquo;agit d&rsquo;une page d&rsquo;exemple. Elle est diff\u00e9rente des articles car elle reste toujours au m\u00eame endroit et s&rsquo;affiche (dans la plupart des th\u00e8mes) dans la navigation du site. La plupart des sites commencent par les mentions l\u00e9gales, la politique de confidentialit\u00e9 ou une page \u00ab\u00a0A propos de nous\u00a0\u00bb pour se pr\u00e9senter aux visiteurs potentiels du site. On pourrait y lire par exemple   <\/p>\n\n<blockquote class=\"wp-block-quote is-layout-flow wp-block-quote-is-layout-flow\"><p>Bonjour, le jour je travaille comme coursier \u00e0 v\u00e9lo, la nuit je suis un acteur en herbe et ceci est mon site web. Je vis \u00e0 Berlin, j&rsquo;ai un gros chien qui s&rsquo;appelle Jack, j&rsquo;aime les pi\u00f1a coladas, mais moins \u00eatre laiss\u00e9 sous la pluie (sans parapluie).  <\/p><\/blockquote>\n\n<p>&#8230; ou quelque chose comme<\/p>\n\n<blockquote class=\"wp-block-quote is-layout-flow wp-block-quote-is-layout-flow\"><p>L&rsquo;entreprise XYZ a \u00e9t\u00e9 fond\u00e9e en 1971 et fournit depuis lors des produits de haute qualit\u00e9 au public. Situ\u00e9e dans une petite ville, l&rsquo;entreprise emploie plus de 2 000 personnes et aide les citadins de plusieurs fa\u00e7ons. <\/p><\/blockquote>\n\n<p>En tant que nouvel utilisateur de WordPress, vous devriez acc\u00e9der \u00e0 <a href=\"https:\/\/www.schloss-rheinfels.de\/wp-admin\/\">votre tableau de bord<\/a> pour supprimer cette page et cr\u00e9er de nouvelles pages et de nouveaux articles pour votre site. Amusez-vous bien ! <\/p>\n","protected":false},"excerpt":{"rendered":"<p>Il s&rsquo;agit d&rsquo;une page d&rsquo;exemple. Elle est diff\u00e9rente des articles car elle reste toujours au m\u00eame endroit et s&rsquo;affiche (dans la plupart des th\u00e8mes) dans la navigation du site. La plupart des sites commencent par les mentions l\u00e9gales, la politique de confidentialit\u00e9 ou une page \u00ab\u00a0A propos de nous\u00a0\u00bb pour se pr\u00e9senter aux visiteurs potentiels [&hellip;]<\/p>\n","protected":false},"author":1,"featured_media":0,"parent":0,"menu_order":0,"comment_status":"closed","ping_status":"open","template":"","meta":{"_et_pb_use_builder":"","_et_pb_old_content":"","_et_gb_content_width":"","footnotes":""},"class_list":["post-119083","page","type-page","status-publish","hentry"],"yoast_head":"<!-- This site is optimized with the Yoast SEO plugin v27.3 - https:\/\/yoast.com\/product\/yoast-seo-wordpress\/ -->\n<title>Exemple de page - Schloss Rheinfels<\/title>\n<meta name=\"robots\" content=\"index, follow, max-snippet:-1, max-image-preview:large, max-video-preview:-1\" \/>\n<link rel=\"canonical\" href=\"https:\/\/www.schloss-rheinfels.de\/fr\/exemple-de-page\/\" \/>\n<meta property=\"og:locale\" content=\"fr_FR\" \/>\n<meta property=\"og:type\" content=\"article\" \/>\n<meta property=\"og:title\" content=\"Exemple de page - Schloss Rheinfels\" \/>\n<meta property=\"og:description\" content=\"Il s&rsquo;agit d&rsquo;une page d&rsquo;exemple. Elle est diff\u00e9rente des articles car elle reste toujours au m\u00eame endroit et s&rsquo;affiche (dans la plupart des th\u00e8mes) dans la navigation du site. La plupart des sites commencent par les mentions l\u00e9gales, la politique de confidentialit\u00e9 ou une page \u00ab\u00a0A propos de nous\u00a0\u00bb pour se pr\u00e9senter aux visiteurs potentiels [&hellip;]\" \/>\n<meta property=\"og:url\" content=\"https:\/\/www.schloss-rheinfels.de\/fr\/exemple-de-page\/\" \/>\n<meta property=\"og:site_name\" content=\"Schloss Rheinfels\" \/>\n<meta property=\"article:modified_time\" content=\"2025-02-19T13:31:36+00:00\" \/>\n<meta name=\"twitter:card\" content=\"summary_large_image\" \/>\n<meta name=\"twitter:label1\" content=\"Dur\u00e9e de lecture estim\u00e9e\" \/>\n\t<meta name=\"twitter:data1\" content=\"1 minute\" \/>\n<script type=\"application\/ld+json\" class=\"yoast-schema-graph\">{\"@context\":\"https:\\\/\\\/schema.org\",\"@graph\":[{\"@type\":\"WebPage\",\"@id\":\"https:\\\/\\\/www.schloss-rheinfels.de\\\/fr\\\/exemple-de-page\\\/\",\"url\":\"https:\\\/\\\/www.schloss-rheinfels.de\\\/fr\\\/exemple-de-page\\\/\",\"name\":\"Exemple de page - Schloss Rheinfels\",\"isPartOf\":{\"@id\":\"https:\\\/\\\/www.schloss-rheinfels.de\\\/#website\"},\"datePublished\":\"2022-11-22T14:44:53+00:00\",\"dateModified\":\"2025-02-19T13:31:36+00:00\",\"breadcrumb\":{\"@id\":\"https:\\\/\\\/www.schloss-rheinfels.de\\\/fr\\\/exemple-de-page\\\/#breadcrumb\"},\"inLanguage\":\"fr-FR\",\"potentialAction\":[{\"@type\":\"ReadAction\",\"target\":[\"https:\\\/\\\/www.schloss-rheinfels.de\\\/fr\\\/exemple-de-page\\\/\"]}]},{\"@type\":\"BreadcrumbList\",\"@id\":\"https:\\\/\\\/www.schloss-rheinfels.de\\\/fr\\\/exemple-de-page\\\/#breadcrumb\",\"itemListElement\":[{\"@type\":\"ListItem\",\"position\":1,\"name\":\"Startseite\",\"item\":\"https:\\\/\\\/www.schloss-rheinfels.de\\\/fr\\\/\"},{\"@type\":\"ListItem\",\"position\":2,\"name\":\"Exemple de page\"}]},{\"@type\":\"WebSite\",\"@id\":\"https:\\\/\\\/www.schloss-rheinfels.de\\\/#website\",\"url\":\"https:\\\/\\\/www.schloss-rheinfels.de\\\/\",\"name\":\"Schloss Rheinfels\",\"description\":\"Romantik und Wellness am Rhein\",\"potentialAction\":[{\"@type\":\"SearchAction\",\"target\":{\"@type\":\"EntryPoint\",\"urlTemplate\":\"https:\\\/\\\/www.schloss-rheinfels.de\\\/?s={search_term_string}\"},\"query-input\":{\"@type\":\"PropertyValueSpecification\",\"valueRequired\":true,\"valueName\":\"search_term_string\"}}],\"inLanguage\":\"fr-FR\"}]}<\/script>\n<!-- \/ Yoast SEO plugin. -->","yoast_head_json":{"title":"Exemple de page - Schloss Rheinfels","robots":{"index":"index","follow":"follow","max-snippet":"max-snippet:-1","max-image-preview":"max-image-preview:large","max-video-preview":"max-video-preview:-1"},"canonical":"https:\/\/www.schloss-rheinfels.de\/fr\/exemple-de-page\/","og_locale":"fr_FR","og_type":"article","og_title":"Exemple de page - Schloss Rheinfels","og_description":"Il s&rsquo;agit d&rsquo;une page d&rsquo;exemple. Elle est diff\u00e9rente des articles car elle reste toujours au m\u00eame endroit et s&rsquo;affiche (dans la plupart des th\u00e8mes) dans la navigation du site. La plupart des sites commencent par les mentions l\u00e9gales, la politique de confidentialit\u00e9 ou une page \u00ab\u00a0A propos de nous\u00a0\u00bb pour se pr\u00e9senter aux visiteurs potentiels [&hellip;]","og_url":"https:\/\/www.schloss-rheinfels.de\/fr\/exemple-de-page\/","og_site_name":"Schloss Rheinfels","article_modified_time":"2025-02-19T13:31:36+00:00","twitter_card":"summary_large_image","twitter_misc":{"Dur\u00e9e de lecture estim\u00e9e":"1 minute"},"schema":{"@context":"https:\/\/schema.org","@graph":[{"@type":"WebPage","@id":"https:\/\/www.schloss-rheinfels.de\/fr\/exemple-de-page\/","url":"https:\/\/www.schloss-rheinfels.de\/fr\/exemple-de-page\/","name":"Exemple de page - Schloss Rheinfels","isPartOf":{"@id":"https:\/\/www.schloss-rheinfels.de\/#website"},"datePublished":"2022-11-22T14:44:53+00:00","dateModified":"2025-02-19T13:31:36+00:00","breadcrumb":{"@id":"https:\/\/www.schloss-rheinfels.de\/fr\/exemple-de-page\/#breadcrumb"},"inLanguage":"fr-FR","potentialAction":[{"@type":"ReadAction","target":["https:\/\/www.schloss-rheinfels.de\/fr\/exemple-de-page\/"]}]},{"@type":"BreadcrumbList","@id":"https:\/\/www.schloss-rheinfels.de\/fr\/exemple-de-page\/#breadcrumb","itemListElement":[{"@type":"ListItem","position":1,"name":"Startseite","item":"https:\/\/www.schloss-rheinfels.de\/fr\/"},{"@type":"ListItem","position":2,"name":"Exemple de page"}]},{"@type":"WebSite","@id":"https:\/\/www.schloss-rheinfels.de\/#website","url":"https:\/\/www.schloss-rheinfels.de\/","name":"Schloss Rheinfels","description":"Romantik und Wellness am Rhein","potentialAction":[{"@type":"SearchAction","target":{"@type":"EntryPoint","urlTemplate":"https:\/\/www.schloss-rheinfels.de\/?s={search_term_string}"},"query-input":{"@type":"PropertyValueSpecification","valueRequired":true,"valueName":"search_term_string"}}],"inLanguage":"fr-FR"}]}},"_links":{"self":[{"href":"https:\/\/www.schloss-rheinfels.de\/fr\/wp-json\/wp\/v2\/pages\/119083","targetHints":{"allow":["GET"]}}],"collection":[{"href":"https:\/\/www.schloss-rheinfels.de\/fr\/wp-json\/wp\/v2\/pages"}],"about":[{"href":"https:\/\/www.schloss-rheinfels.de\/fr\/wp-json\/wp\/v2\/types\/page"}],"author":[{"embeddable":true,"href":"https:\/\/www.schloss-rheinfels.de\/fr\/wp-json\/wp\/v2\/users\/1"}],"replies":[{"embeddable":true,"href":"https:\/\/www.schloss-rheinfels.de\/fr\/wp-json\/wp\/v2\/comments?post=119083"}],"version-history":[{"count":1,"href":"https:\/\/www.schloss-rheinfels.de\/fr\/wp-json\/wp\/v2\/pages\/119083\/revisions"}],"predecessor-version":[{"id":119084,"href":"https:\/\/www.schloss-rheinfels.de\/fr\/wp-json\/wp\/v2\/pages\/119083\/revisions\/119084"}],"wp:attachment":[{"href":"https:\/\/www.schloss-rheinfels.de\/fr\/wp-json\/wp\/v2\/media?parent=119083"}],"curies":[{"name":"wp","href":"https:\/\/api.w.org\/{rel}","templated":true}]}}